{"id":2813,"date":"2025-09-06T11:15:08","date_gmt":"2025-09-06T09:15:08","guid":{"rendered":"https:\/\/www.illaureto.com\/?page_id=2813"},"modified":"2025-09-06T11:15:42","modified_gmt":"2025-09-06T09:15:42","slug":"privacy-policy-2","status":"publish","type":"page","link":"https:\/\/www.illaureto.com\/?page_id=2813","title":{"rendered":"Privacy Policy"},"content":{"rendered":"\n<p>Privacy Policy<br>Ultimo aggiornamento: [06\/09\/2025]<br>La presente informativa \u00e8 resa ai sensi dell\u2019art. 13 del Regolamento (UE) 2016\/679 (GDPR) a coloro che interagiscono con i servizi web accessibili per via telematica a partire dall\u2019indirizzo: www.illaureto.com<\/p>\n\n\n\n<p>1. Titolare del trattamento<br>Il Titolare del trattamento \u00e8<br>[Visco Filippo]<br>[Via Pietro Nenni n. 4 Cap 03033 Arpino (FR)]<br>filippovisco2001@libero.it.<\/p>\n\n\n\n<p>2. Tipologie di dati trattati<br>Il sito pu\u00f2 raccogliere e trattare i seguenti dati:<br>Dati di navigazione: indirizzo IP, tipo di browser, data e orario di accesso, pagine visitate. Questi dati sono raccolti automaticamente e in forma anonima per finalit\u00e0 statistiche e di sicurezza.<br>Dati forniti volontariamente: dati personali (es. nome, email) inseriti nel modulo di contatto o inviati via email.<br>Cookie: si rimanda alla https:\/\/www.illaureto.com\/cookie-policy\/ per informazioni dettagliate.<\/p>\n\n\n\n<p>3. Finalit\u00e0 del trattamento<br>I dati personali raccolti sono trattati per le seguenti finalit\u00e0:<br>rispondere a richieste inviate tramite modulo di contatto o email;<br>consentire il download dell\u2019archivio con materiali artistici;<br>migliorare la navigazione e la sicurezza del sito (dati tecnici e di log).<\/p>\n\n\n\n<p>4. Base giuridica del trattamento&nbsp;\ufeff<br>Il trattamento \u00e8 lecito in quanto:<br>necessario per l\u2019esecuzione di un contratto o misure precontrattuali (richieste via email o form);<br>fondato sul legittimo interesse del titolare (funzionamento del sito);<br>basato sul consenso esplicito dell\u2019utente per l\u2019uso di cookie non tecnici.<\/p>\n\n\n\n<p>5. Modalit\u00e0 di trattamento<\/p>\n\n\n\n<p>Il trattamento dei dati avviene con strumenti informatici, nel rispetto dei principi di liceit\u00e0, correttezza, trasparenza, integrit\u00e0 e riservatezza.<br>Non \u00e8 previsto alcun processo decisionale automatizzato n\u00e9 profilazione.<\/p>\n\n\n\n<p>6. Destinatari dei dati<\/p>\n\n\n\n<p>I dati non saranno oggetto di diffusione. Potranno essere trattati da:<br>soggetti incaricati dal Titolare (es. tecnici IT);<br>fornitori di servizi strettamente necessari al funzionamento del sito (es. hosting, email).<\/p>\n\n\n\n<p>7. Conservazione dei dati<\/p>\n\n\n\n<p>I dati raccolti tramite modulo o email saranno conservati per il tempo necessario a fornire riscontro e successivamente eliminati.<br>I dati tecnici raccolti per sicurezza e statistica saranno conservati per un massimo di [es. 12 mesi].<\/p>\n\n\n\n<p>8. Diritti dell\u2019interessato<\/p>\n\n\n\n<p>In qualsiasi momento l\u2019utente pu\u00f2 esercitare i seguenti diritti:<br>accesso ai propri dati personali;<br>rettifica o cancellazione;<br>limitazione o opposizione al trattamento;<br>portabilit\u00e0 dei dati;<br>reclamo all\u2019autorit\u00e0 di controllo (Garante Privacy).<br>Per esercitare i propri diritti, scrivere a:&nbsp;filippovisco2001@libero.it.<\/p>\n","protected":false},"excerpt":{"rendered":"<p>Privacy PolicyUltimo aggiornamento: [06\/09\/2025]La presente informativa \u00e8 resa ai sensi dell\u2019art. 13 del Regolamento (UE) 2016\/679 (GDPR) a coloro che interagiscono con i servizi web accessibili per via telematica a partire dall\u2019indirizzo: www.illaureto.com 1. Titolare del trattamentoIl Titolare del trattamento&#8230;<\/p>\n","protected":false},"author":1,"featured_media":0,"parent":0,"menu_order":0,"comment_status":"closed","ping_status":"closed","template":"","meta":{"_acf_changed":false,"footnotes":""},"class_list":["post-2813","page","type-page","status-publish","hentry"],"acf":[],"_links":{"self":[{"href":"https:\/\/www.illaureto.com\/index.php?rest_route=\/wp\/v2\/pages\/2813","targetHints":{"allow":["GET"]}}],"collection":[{"href":"https:\/\/www.illaureto.com\/index.php?rest_route=\/wp\/v2\/pages"}],"about":[{"href":"https:\/\/www.illaureto.com\/index.php?rest_route=\/wp\/v2\/types\/page"}],"author":[{"embeddable":true,"href":"https:\/\/www.illaureto.com\/index.php?rest_route=\/wp\/v2\/users\/1"}],"replies":[{"embeddable":true,"href":"https:\/\/www.illaureto.com\/index.php?rest_route=%2Fwp%2Fv2%2Fcomments&post=2813"}],"version-history":[{"count":2,"href":"https:\/\/www.illaureto.com\/index.php?rest_route=\/wp\/v2\/pages\/2813\/revisions"}],"predecessor-version":[{"id":2815,"href":"https:\/\/www.illaureto.com\/index.php?rest_route=\/wp\/v2\/pages\/2813\/revisions\/2815"}],"wp:attachment":[{"href":"https:\/\/www.illaureto.com\/index.php?rest_route=%2Fwp%2Fv2%2Fmedia&parent=2813"}],"curies":[{"name":"wp","href":"https:\/\/api.w.org\/{rel}","templated":true}]}}